{"id":801,"date":"2013-02-04T15:29:21","date_gmt":"2013-02-04T14:29:21","guid":{"rendered":"http:\/\/vanstraelenpiping.ontwerpfase.be\/?page_id=801"},"modified":"2016-02-08T09:44:26","modified_gmt":"2016-02-08T08:44:26","slug":"bedrijf-2","status":"publish","type":"page","link":"http:\/\/vanstraelenpiping.ontwerpfase.be\/fr\/bedrijf-2\/","title":{"rendered":"\u00c0 propos de nous"},"content":{"rendered":"<p><div class=\"heading bg-none\"><h1><span style=\"color: #999999;\">Vanstraelen Sprinkler + Piping nv,<br \/>\n<\/span><span style=\"color: #999999;\">votre partenaire de confiance depuis plus de 30 ans.<\/span><\/h1><\/div>\n<div class=\"clear\"><\/div>\n<p><img decoding=\"async\" loading=\"lazy\" class=\"alignleft size-full wp-image-111\" title=\"img300x145-1\" alt=\"\" src=\"http:\/\/vanstraelenpiping.ontwerpfase.be\/wp-content\/uploads\/2013\/02\/bedrijf.png\" width=\"940\" height=\"227\" \/><br \/>\n<div class=\"clear\"><\/div>\n<div class=\"one_third\">\n<span class=\"highlight-hl-theme\">Jozef Vanstraelen<\/span>\n<p>Jozef Vanstraelen, installateur en chauffage et plomberie depuis les ann\u00e9es 70, fait sa premi\u00e8re installation d&rsquo;un r\u00e9seau sprinkler en <strong>1980<\/strong>. Il se fait rapidement conna\u00eetre dans le secteur des sprinklers. La construction d&rsquo;une usine \u00e0 Kortessem offre de nouvelles perspectives en <strong>1987<\/strong>\u00a0: la tuyauterie des sprinklers est d\u00e9sormais pr\u00e9fabriqu\u00e9e dans l&rsquo;atelier pour que l&rsquo;installation sur le chantier puisse se d\u00e9rouler plus rapidement. En <strong>1993<\/strong>, suit une extension de l&rsquo;atelier, ainsi que l&rsquo;achat d&rsquo;un premier robot \u00e0 soudure.\n<\/div>\n<div class=\"one_third\">\n<span class=\"highlight-hl-theme\">2003<\/span>\n<p>L&rsquo;activit\u00e9 de l&rsquo;entreprise est reprise par Vanstraelen Sprinkler + Piping en <strong>2003<\/strong>. Avec l&rsquo;arriv\u00e9e de Marc Voets, l&rsquo;entreprise profite d&rsquo;un encadrement et d&rsquo;une organisation plus professionnelle. En <strong>2004<\/strong>, Vanstraelen Sprinkler + Piping obtient la certification VCA**. La machinerie des \u00e9quipes de montage se modernise. La capacit\u00e9 de production se voit augment\u00e9e en <strong>2005<\/strong> avec l&rsquo;achat d&rsquo;une installation de soudage automatis\u00e9e.\n<\/div>\n<div class=\"one_third omega\">\n<span class=\"highlight-hl-theme\">Aujourd&rsquo;hui<\/span>\n<p>Aujourd&rsquo;hui\u00a0nous sommes environ 50 employ\u00e9s \u00e0 assurer la continuit\u00e9 de l&rsquo;entreprise. Avec les nouveaux investissements, une politique d&rsquo;achat efficace et les formations avanc\u00e9es, nous visons \u00e0 accro\u00eetre notre productivit\u00e9 et efficacit\u00e9 et nous connaissons une augmentation du nombre de clients au niveau national et international.\n<\/div><\/p>","protected":false},"excerpt":{"rendered":"","protected":false},"author":1,"featured_media":0,"parent":0,"menu_order":0,"comment_status":"open","ping_status":"open","template":"","meta":[],"_links":{"self":[{"href":"http:\/\/vanstraelenpiping.ontwerpfase.be\/fr\/wp-json\/wp\/v2\/pages\/801"}],"collection":[{"href":"http:\/\/vanstraelenpiping.ontwerpfase.be\/fr\/wp-json\/wp\/v2\/pages"}],"about":[{"href":"http:\/\/vanstraelenpiping.ontwerpfase.be\/fr\/wp-json\/wp\/v2\/types\/page"}],"author":[{"embeddable":true,"href":"http:\/\/vanstraelenpiping.ontwerpfase.be\/fr\/wp-json\/wp\/v2\/users\/1"}],"replies":[{"embeddable":true,"href":"http:\/\/vanstraelenpiping.ontwerpfase.be\/fr\/wp-json\/wp\/v2\/comments?post=801"}],"version-history":[{"count":43,"href":"http:\/\/vanstraelenpiping.ontwerpfase.be\/fr\/wp-json\/wp\/v2\/pages\/801\/revisions"}],"predecessor-version":[{"id":1085,"href":"http:\/\/vanstraelenpiping.ontwerpfase.be\/fr\/wp-json\/wp\/v2\/pages\/801\/revisions\/1085"}],"wp:attachment":[{"href":"http:\/\/vanstraelenpiping.ontwerpfase.be\/fr\/wp-json\/wp\/v2\/media?parent=801"}],"curies":[{"name":"wp","href":"https:\/\/api.w.org\/{rel}","templated":true}]}}